{"id":146,"date":"2014-10-02T12:35:04","date_gmt":"2014-10-02T10:35:04","guid":{"rendered":"http:\/\/www.lanaldi.es\/?page_id=146"},"modified":"2014-11-27T10:15:59","modified_gmt":"2014-11-27T10:15:59","slug":"equipo","status":"publish","type":"page","link":"http:\/\/www.lanaldi.es\/eu\/equipo\/","title":{"rendered":"Talde profesionala"},"content":{"rendered":"<p>Profesional taldea:<\/p>\n<ul>\n<li><a href=\"https:\/\/www.linkedin.com\/profile\/view?id=48034684&amp;authType=NAME_SEARCH&amp;authToken=FEld&amp;locale=es_ES&amp;trk=tyah2&amp;trkInfo=tarId%3A1412246344355%2Ctas%3Anatalia%2Cidx%3A1-2-2\" target=\"_blank\">Natalia Garc\u00eda<\/a><\/li>\n<li><a href=\"https:\/\/www.linkedin.com\/profile\/view?id=54027377&amp;authType=NAME_SEARCH&amp;authToken=RAWM&amp;locale=es_ES&amp;trk=tyah2&amp;trkInfo=tarId%3A1412246325651%2Ctas%3Ajosu%20robredo%2Cidx%3A1-1-1\" target=\"_blank\">Josu Robredo<\/a><\/li>\n<li><a href=\"https:\/\/www.linkedin.com\/profile\/view?id=48146182&amp;authType=NAME_SEARCH&amp;authToken=zirF&amp;locale=es_ES&amp;trk=tyah2&amp;trkInfo=tarId%3A1412246305094%2Ctas%3Amaider%2Cidx%3A1-2-2\" target=\"_blank\">Maider Casc\u00f3n<\/a><\/li>\n<li>Arrate Lastra<\/li>\n<li><a href=\"https:\/\/www.linkedin.com\/profile\/view?id=61916952&amp;trk=nav_responsive_tab_profile_pic\" target=\"_blank\">Sergio Salas<\/a><\/li>\n<li><a href=\"https:\/\/www.linkedin.com\/profile\/view?id=53948280&amp;authType=NAME_SEARCH&amp;authToken=mNMp&amp;locale=es_ES&amp;trk=tyah2&amp;trkInfo=tarId%3A1412246469562%2Ctas%3Aalberto%2Cidx%3A1-1-1\" target=\"_blank\">Alberto Granados<\/a><\/li>\n<li>David L\u00e1zaro<\/li>\n<\/ul>\n","protected":false},"excerpt":{"rendered":"<p>Profesional taldea: Natalia Garc\u00eda Josu Robredo Maider Casc\u00f3n Arrate Lastra Sergio Salas Alberto Granados David L\u00e1zaro<\/p>\n","protected":false},"author":1,"featured_media":0,"parent":0,"menu_order":0,"comment_status":"closed","ping_status":"open","template":"","meta":{"footnotes":""},"categories":[],"tags":[],"class_list":["post-146","page","type-page","status-publish","hentry"],"jetpack_sharing_enabled":true,"jetpack_shortlink":"https:\/\/wp.me\/P7coEX-2m","jetpack-related-posts":[{"id":630,"url":"http:\/\/www.lanaldi.es\/eu\/esperientziak\/","url_meta":{"origin":146,"position":0},"title":"Esperientziak","author":"Koro Allende","date":"5 junio, 2017","format":false,"excerpt":"","rel":"","context":"Entrada similar","block_context":{"text":"Entrada similar","link":""},"img":{"alt_text":"Basauri AHOLKATUZ (2019 Urtarrila)","src":"https:\/\/i0.wp.com\/www.lanaldi.es\/eu\/wp-content\/uploads\/sites\/6\/2019\/01\/Basauri-AHOLKATUZ-21-enero-V.jpeg?resize=350%2C200","width":350,"height":200,"srcset":"https:\/\/i0.wp.com\/www.lanaldi.es\/eu\/wp-content\/uploads\/sites\/6\/2019\/01\/Basauri-AHOLKATUZ-21-enero-V.jpeg?resize=350%2C200 1x, https:\/\/i0.wp.com\/www.lanaldi.es\/eu\/wp-content\/uploads\/sites\/6\/2019\/01\/Basauri-AHOLKATUZ-21-enero-V.jpeg?resize=525%2C300 1.5x, https:\/\/i0.wp.com\/www.lanaldi.es\/eu\/wp-content\/uploads\/sites\/6\/2019\/01\/Basauri-AHOLKATUZ-21-enero-V.jpeg?resize=700%2C400 2x, https:\/\/i0.wp.com\/www.lanaldi.es\/eu\/wp-content\/uploads\/sites\/6\/2019\/01\/Basauri-AHOLKATUZ-21-enero-V.jpeg?resize=1050%2C600 3x, https:\/\/i0.wp.com\/www.lanaldi.es\/eu\/wp-content\/uploads\/sites\/6\/2019\/01\/Basauri-AHOLKATUZ-21-enero-V.jpeg?resize=1400%2C800 4x"},"classes":[]},{"id":1171,"url":"http:\/\/www.lanaldi.es\/eu\/lanaldikidea-ohiko-galderak\/","url_meta":{"origin":146,"position":1},"title":"Lanaldikidea ohiko galderak","author":"LanAldi","date":"1 junio, 2018","format":false,"excerpt":"IZEN-EMATEA Izen-ematea egin dut baina orain ez dut Ikaslearen Gunera sartzea lortzen, zergatik? Batzuetan, izen-ematerakoan, email-a gaizki idatzi dezakezu, horregatik gero ez duzu Ikaslearen Gunera sartzea lortzen. Lanaldikide moduan, zer egin behar dut? Whatsapp bidez Lanaldiri idatzi eta ikaslearen izena eta email zuzena bidali. Pasahitza ahaztu zait, zer egin dezaket?\u2026","rel":"","context":"Entrada similar","block_context":{"text":"Entrada similar","link":""},"img":{"alt_text":"","src":"","width":0,"height":0},"classes":[]},{"id":6,"url":"http:\/\/www.lanaldi.es\/eu\/profesionalak-2\/","url_meta":{"origin":146,"position":2},"title":"Profesionalak","author":"LanAldi","date":"24 septiembre, 2014","format":false,"excerpt":"Gogoratzen al duzu 16 urte zenituenean eta zer ikasi ez zenekienean?\u00a0 Egoera honetan aurkitzen diren gazteak lagundu Euskadiko enpresa-boluntariotza programarik nagusienera batuz! https:\/\/www.youtube.com\/watch?v=7jOkzKzmgVg Nola parte hartu dezaket? Egun batez zure lanpostuan ikasle bat jaso nahi baduzu hemen izen-eman\u00a0ezazu. Zuk aukeratuko duzu jardunaldiaren data! Bestalde, aurreko edizioetan parte-hartu baduzu zure datuak\u2026","rel":"","context":"Entrada similar","block_context":{"text":"Entrada similar","link":""},"img":{"alt_text":"","src":"https:\/\/i0.wp.com\/www.lanaldi.es\/eu\/wp-content\/uploads\/sites\/6\/2018\/05\/04-hiru-abokatuak.gif?resize=350%2C200","width":350,"height":200},"classes":[]},{"id":870,"url":"http:\/\/www.lanaldi.es\/eu\/banakako-orientazioa\/","url_meta":{"origin":146,"position":3},"title":"BANAKAKO ORIENTAZIOA","author":"Koro Allende","date":"3 mayo, 2018","format":false,"excerpt":"Zure etorkizun akademiko edota profesionalari buruzko erabakiak hartzeko momentuan zaude eta laguntza behar duzu? \u00a0 AUTOEZAGUTZA Zerk liluratzen zaitu? Etorkizunean zer gustatuko litzaizuke izatea? Nola ikusten duzu zeure burua etorkizunean? LAN MERKATUA Irteera profesionalak Enpresek gehien eskatzen dutenak Etorkizuneko lanpostuak HEZKUNTZA IBILBIDEAK Formazio Profesionala Unibertsitatea Beste aukera batzuk: boluntariotza, kurtsoak,\u2026","rel":"","context":"Entrada similar","block_context":{"text":"Entrada similar","link":""},"img":{"alt_text":"","src":"https:\/\/i0.wp.com\/www.lanaldi.es\/eu\/wp-content\/uploads\/sites\/6\/2018\/05\/euske-300x298.png?resize=350%2C200","width":350,"height":200,"srcset":"https:\/\/i0.wp.com\/www.lanaldi.es\/eu\/wp-content\/uploads\/sites\/6\/2018\/05\/euske-300x298.png?resize=350%2C200 1x, https:\/\/i0.wp.com\/www.lanaldi.es\/eu\/wp-content\/uploads\/sites\/6\/2018\/05\/euske-300x298.png?resize=525%2C300 1.5x"},"classes":[]},{"id":284,"url":"http:\/\/www.lanaldi.es\/eu\/profesional-plazen-aukeraketa\/","url_meta":{"origin":146,"position":4},"title":"Profesional-plazen aukeraketa","author":"LanAldi","date":"6 noviembre, 2014","format":false,"excerpt":"Formulario Selecci\u00f3n plazas. Si ve este texto, su navegador es incompatible con este formato. Por favor acceda a la p\u00e1gina con otro dispositivo.","rel":"","context":"Entrada similar","block_context":{"text":"Entrada similar","link":""},"img":{"alt_text":"","src":"","width":0,"height":0},"classes":[]},{"id":126,"url":"http:\/\/www.lanaldi.es\/eu\/","url_meta":{"origin":146,"position":5},"title":"LANALDI: Orientazio Programa","author":"LanAldi","date":"3 septiembre, 2014","format":false,"excerpt":"DBH eta Batxilergoko ikasleentzat orientazio programa. Goi mailako ikasketak aukeratzerako momentuan dituzun zalantzak argitu. Egun batez zure gustuko profesional batekin ekartzeko aukera izango duzu. Programaren helburua goi mailako ikasketen aurretik gazteei orientazio profesional berritzaile bat eskeintzea da. Horretarako, gazteek gaitasun profesionalak garatuko dituzte online ariketen bidez. Gainera, egun batez, beraiek\u2026","rel":"","context":"Entrada similar","block_context":{"text":"Entrada similar","link":""},"img":{"alt_text":"","src":"https:\/\/i0.wp.com\/img.youtube.com\/vi\/RoRmM-uivDI\/0.jpg?resize=350%2C200","width":350,"height":200},"classes":[]}],"_links":{"self":[{"href":"http:\/\/www.lanaldi.es\/eu\/wp-json\/wp\/v2\/pages\/146","targetHints":{"allow":["GET"]}}],"collection":[{"href":"http:\/\/www.lanaldi.es\/eu\/wp-json\/wp\/v2\/pages"}],"about":[{"href":"http:\/\/www.lanaldi.es\/eu\/wp-json\/wp\/v2\/types\/page"}],"author":[{"embeddable":true,"href":"http:\/\/www.lanaldi.es\/eu\/wp-json\/wp\/v2\/users\/1"}],"replies":[{"embeddable":true,"href":"http:\/\/www.lanaldi.es\/eu\/wp-json\/wp\/v2\/comments?post=146"}],"version-history":[{"count":2,"href":"http:\/\/www.lanaldi.es\/eu\/wp-json\/wp\/v2\/pages\/146\/revisions"}],"predecessor-version":[{"id":306,"href":"http:\/\/www.lanaldi.es\/eu\/wp-json\/wp\/v2\/pages\/146\/revisions\/306"}],"wp:attachment":[{"href":"http:\/\/www.lanaldi.es\/eu\/wp-json\/wp\/v2\/media?parent=146"}],"wp:term":[{"taxonomy":"category","embeddable":true,"href":"http:\/\/www.lanaldi.es\/eu\/wp-json\/wp\/v2\/categories?post=146"},{"taxonomy":"post_tag","embeddable":true,"href":"http:\/\/www.lanaldi.es\/eu\/wp-json\/wp\/v2\/tags?post=146"}],"curies":[{"name":"wp","href":"https:\/\/api.w.org\/{rel}","templated":true}]}}