{"id":146,"date":"2014-10-02T12:35:04","date_gmt":"2014-10-02T10:35:04","guid":{"rendered":"http:\/\/www.lanaldi.es\/?page_id=146"},"modified":"2014-11-26T09:48:53","modified_gmt":"2014-11-26T09:48:53","slug":"equipo","status":"publish","type":"page","link":"http:\/\/www.lanaldi.es\/en\/equipo\/","title":{"rendered":"Team"},"content":{"rendered":"<p>LanAldi Team:<\/p>\n<ul>\n<li><a href=\"https:\/\/www.linkedin.com\/profile\/view?id=48034684&amp;authType=NAME_SEARCH&amp;authToken=FEld&amp;locale=es_ES&amp;trk=tyah2&amp;trkInfo=tarId%3A1412246344355%2Ctas%3Anatalia%2Cidx%3A1-2-2\" target=\"_blank\">Natalia Garc\u00eda<\/a><\/li>\n<li><a href=\"https:\/\/www.linkedin.com\/profile\/view?id=54027377&amp;authType=NAME_SEARCH&amp;authToken=RAWM&amp;locale=es_ES&amp;trk=tyah2&amp;trkInfo=tarId%3A1412246325651%2Ctas%3Ajosu%20robredo%2Cidx%3A1-1-1\" target=\"_blank\">Josu Robredo<\/a><\/li>\n<li><a href=\"https:\/\/www.linkedin.com\/profile\/view?id=48146182&amp;authType=NAME_SEARCH&amp;authToken=zirF&amp;locale=es_ES&amp;trk=tyah2&amp;trkInfo=tarId%3A1412246305094%2Ctas%3Amaider%2Cidx%3A1-2-2\" target=\"_blank\">Maider Casc\u00f3n<\/a><\/li>\n<li>Arrate Lastra<\/li>\n<li><a href=\"https:\/\/www.linkedin.com\/profile\/view?id=61916952&amp;trk=nav_responsive_tab_profile_pic\" target=\"_blank\">Sergio Salas<\/a><\/li>\n<li><a href=\"https:\/\/www.linkedin.com\/profile\/view?id=53948280&amp;authType=NAME_SEARCH&amp;authToken=mNMp&amp;locale=es_ES&amp;trk=tyah2&amp;trkInfo=tarId%3A1412246469562%2Ctas%3Aalberto%2Cidx%3A1-1-1\" target=\"_blank\">Alberto Granados<\/a><\/li>\n<li>David L\u00e1zaro<\/li>\n<\/ul>\n","protected":false},"excerpt":{"rendered":"<p>LanAldi Team: Natalia Garc\u00eda Josu Robredo Maider Casc\u00f3n Arrate Lastra Sergio Salas Alberto Granados David L\u00e1zaro<\/p>\n","protected":false},"author":1,"featured_media":0,"parent":0,"menu_order":0,"comment_status":"closed","ping_status":"open","template":"","meta":{"footnotes":""},"class_list":["post-146","page","type-page","status-publish","hentry"],"jetpack_shortlink":"https:\/\/wp.me\/P5d0wl-2m","jetpack_sharing_enabled":true,"_links":{"self":[{"href":"http:\/\/www.lanaldi.es\/en\/wp-json\/wp\/v2\/pages\/146","targetHints":{"allow":["GET"]}}],"collection":[{"href":"http:\/\/www.lanaldi.es\/en\/wp-json\/wp\/v2\/pages"}],"about":[{"href":"http:\/\/www.lanaldi.es\/en\/wp-json\/wp\/v2\/types\/page"}],"author":[{"embeddable":true,"href":"http:\/\/www.lanaldi.es\/en\/wp-json\/wp\/v2\/users\/1"}],"replies":[{"embeddable":true,"href":"http:\/\/www.lanaldi.es\/en\/wp-json\/wp\/v2\/comments?post=146"}],"version-history":[{"count":3,"href":"http:\/\/www.lanaldi.es\/en\/wp-json\/wp\/v2\/pages\/146\/revisions"}],"predecessor-version":[{"id":279,"href":"http:\/\/www.lanaldi.es\/en\/wp-json\/wp\/v2\/pages\/146\/revisions\/279"}],"wp:attachment":[{"href":"http:\/\/www.lanaldi.es\/en\/wp-json\/wp\/v2\/media?parent=146"}],"curies":[{"name":"wp","href":"https:\/\/api.w.org\/{rel}","templated":true}]}}